{"id":4119,"date":"2016-06-03T11:59:03","date_gmt":"2016-06-03T08:59:03","guid":{"rendered":"https:\/\/www.septemberopen.fi\/program\/"},"modified":"2025-08-28T11:06:00","modified_gmt":"2025-08-28T08:06:00","slug":"program","status":"publish","type":"page","link":"https:\/\/www.septemberopen.fi\/sv\/program\/","title":{"rendered":"Program"},"content":{"rendered":"\n\n\t\n<h4>klo: 10:00 Eugenia-purjehduksen l\u00e4ht\u00f6, Satama<\/h4>\n<h4>klo: 11:30 H\u00e4rk\u00e4tien leikarit, Alue<\/h4>\n<h4>klo: 12:00 Buhurt-n\u00e4yt\u00f6s, Taistelukentt\u00e4<\/h4>\n<h4>klo: 13:00 Sirkuskunnan narrit, Alue<\/h4>\n<h4>klo: 13:00 Sing \u00c5bolandin kuoro, Lava<\/h4>\n<h4>klo: 13:30 ARMA ABOA Karoliinien tykkiryhm\u00e4, Turnajaiskentt\u00e4<\/h4>\n<h4>klo: 14:00 Eugenia-purjehduksen l\u00e4ht\u00f6, Satama<\/h4>\n<h4>klo: 14:00 SolDans tanssiryhm\u00e4, nurmikkoalue<\/h4>\n<h4>klo: 14:30 Isara, Lava<\/h4>\n<h4>klo: 15:00 Sirkuskunnan Narrit, Alue<\/h4>\n<h4>klo: 15:30 Rohan Tallit esitt\u00e4\u00e4: hevosturnajaiset, Turnajaiskentt\u00e4<\/h4>\n<h4>klo: 16:30 ARMA ABOA Karoliinien tykkiryhm\u00e4, Turnajaiskentt\u00e4<\/h4>\n<h4>klo: 17:00 Buhurt-n\u00e4yt\u00f6s, Taistelukentt\u00e4<\/h4>\n<h4>klo: 18:30 H\u00e4rk\u00e4tien leikarit, Lava<\/h4>\n<h4>klo: 19:30 Isara, Lava<\/h4>\n<h4>klo: 20:30 H\u00e4rk\u00e4tien leikarit, Lava<\/h4>\n<h4>klo: 21:30 Isara, Lava<\/h4>\n\t<h2>Rohan Tallit<\/h2>\n\t<p><strong>Rohan Tallien <\/strong>upea hevosturnajaisshow ker\u00e4\u00e4 joka vuosi sankoin joukoin katsojia. T\u00e4n\u00e4 vuonna ohjelmassa on mukaansatempaava &#8217;Hevosturnajaiset&#8217;-esitys. Esityksen j\u00e4lkeen sinulla on mahdollisuus tutustua ratsukoihin ja voit kysy\u00e4 mielt\u00e4si askarruttavia kysymyksi\u00e4 esimerkiksi historiallisesta ratsastuksesta. Hevosturnajaisshow on n\u00e4ht\u00e4viss\u00e4 turnajaiskent\u00e4ll\u00e4 rannan tuntumassa lauantaina 13.9 klo 15.30.<\/p>\n<p><a href=\"https:\/\/rohan.fi\">www.rohan.fi<\/a><\/p>\n\t<h2>Jahti Eugenia<\/h2>\n\t<p>Jahti Eugenia purjehtii suositun September Open -tapahtuman yhteydess\u00e4 13.9. Taalintehtaalta.<\/p>\n<p>Nauti markkinoiden humusta ja tunnelmasta ja tule v\u00e4lill\u00e4 mukaan purjehtimaan. Purjealukselta on mukava tarkkailla meriluontoa sit\u00e4 suuremmin h\u00e4iritsem\u00e4tt\u00e4. Halutessasi voit osallistua laivat\u00f6ihin auttamalla miehist\u00f6\u00e4 nostamaan purjeet, tai ehk\u00e4p\u00e4 teet ruorivuoron ja ohjaat laivaa aivan itse.<\/p>\n<p><strong>L\u00e4hd\u00f6t klo 10.00 ja 14.00, purjehdusaika 2 h.\u00a0<\/strong><\/p>\n<p>Eugenian laituri ja l\u00e4ht\u00f6paikka l\u00f6ytyy Taalintehtaalta vierassataman vierest\u00e4 vanhojen hiiliuunien takaa.<\/p>\n\n\n","protected":false},"excerpt":{"rendered":"<div class=\"entry-summary\">\n<div class=\"entry-summary\">\nklo: 10:00 Eugenia-purjehduksen l\u00e4ht\u00f6, Satama klo: 11:30 H\u00e4rk\u00e4tien leikarit, Alue klo: 12:00 Buhurt-n\u00e4yt\u00f6s, Taistelukentt\u00e4 klo: 13:00 Sirkuskunnan narrit, Alue klo: 13:00 Sing \u00c5bolandin kuoro, Lava klo: 13:30 ARMA ABOA Karoliinien tykkiryhm\u00e4, Turnajaiskentt\u00e4 klo: 14:00 Eugenia-purjehduksen l\u00e4ht\u00f6, Satama klo: 14:00 SolDans&hellip;\n<\/div>\n<div class=\"link-more\"><a href=\"https:\/\/www.septemberopen.fi\/sv\/program\/\" class=\"more-link\">Continue reading<span class=\"screen-reader-text\"> &ldquo;Program&rdquo;<\/span>&hellip;<\/a><\/div>\n<\/div>\n<div class=\"link-more\"><a href=\"https:\/\/www.septemberopen.fi\/sv\/program\/\" class=\"more-link\">Continue reading<span class=\"screen-reader-text\"> &ldquo;Program&rdquo;<\/span>&hellip;<\/a><\/div>\n","protected":false},"author":6,"featured_media":3868,"parent":0,"menu_order":0,"comment_status":"closed","ping_status":"closed","template":"","meta":{"footnotes":""},"class_list":["post-4119","page","type-page","status-publish","has-post-thumbnail","hentry","entry"],"_links":{"self":[{"href":"https:\/\/www.septemberopen.fi\/sv\/wp-json\/wp\/v2\/pages\/4119","targetHints":{"allow":["GET"]}}],"collection":[{"href":"https:\/\/www.septemberopen.fi\/sv\/wp-json\/wp\/v2\/pages"}],"about":[{"href":"https:\/\/www.septemberopen.fi\/sv\/wp-json\/wp\/v2\/types\/page"}],"author":[{"embeddable":true,"href":"https:\/\/www.septemberopen.fi\/sv\/wp-json\/wp\/v2\/users\/6"}],"replies":[{"embeddable":true,"href":"https:\/\/www.septemberopen.fi\/sv\/wp-json\/wp\/v2\/comments?post=4119"}],"version-history":[{"count":8,"href":"https:\/\/www.septemberopen.fi\/sv\/wp-json\/wp\/v2\/pages\/4119\/revisions"}],"predecessor-version":[{"id":4196,"href":"https:\/\/www.septemberopen.fi\/sv\/wp-json\/wp\/v2\/pages\/4119\/revisions\/4196"}],"wp:featuredmedia":[{"embeddable":true,"href":"https:\/\/www.septemberopen.fi\/sv\/wp-json\/wp\/v2\/media\/3868"}],"wp:attachment":[{"href":"https:\/\/www.septemberopen.fi\/sv\/wp-json\/wp\/v2\/media?parent=4119"}],"curies":[{"name":"wp","href":"https:\/\/api.w.org\/{rel}","templated":true}]}}