{"id":4077,"date":"2016-10-05T11:45:30","date_gmt":"2016-10-05T08:45:30","guid":{"rendered":"https:\/\/www.septemberopen.fi\/septemberopen\/"},"modified":"2025-02-05T22:05:45","modified_gmt":"2025-02-05T20:05:45","slug":"septemberopen","status":"publish","type":"page","link":"https:\/\/www.septemberopen.fi\/sv\/","title":{"rendered":"September Open"},"content":{"rendered":"\n\n\t<h1><em><strong>September Open 13.9.<\/strong><\/em><br \/>\n<em>Dalsbruk<\/em><\/h1>\n<p>Traditionella st\u00e4mningsfulla <strong>September Open<\/strong>-evenemanget 13.9 2025 kl 10.00 &#8211; 02.00 i Dalsbruk, Kimito\u00f6n, vid det h\u00e4rliga Sk\u00e4rg\u00e5rdshavet.<\/p>\n[wm_button url=&#8221;#more&#8221; icon=&#8221;icon-ion-android-arrow-dropdown-circle&#8221;]Katso Ohjelma[\/wm_button]\n\t\t\t\t<img loading=\"lazy\" decoding=\"async\" src=\"https:\/\/www.septemberopen.fi\/wp-content\/uploads\/2022\/05\/cropped-cropped-cropped-cropped-cropped-cropped-september_open22_logo.png\" alt=\"http:\/\/www.septemberopen.fi\/wp-content\/uploads\/2022\/05\/cropped-cropped-cropped-cropped-cropped-cropped-september_open22_logo.png\" itemprop=\"image\" height=\"512\" width=\"512\" title=\"cropped-cropped-cropped-cropped-cropped-cropped-september_open22_logo.png\" onerror=\"this.style.display='none'\"  \/>\n\t<h3>Kom och kostnadsfritt upplev September Open marknadsevenemanget d\u00e4r du f\u00e5r en inblick i medeltiden och k\u00e4nslan av \u00e4kta sk\u00e4rg\u00e5rdsst\u00e4mning.<\/h3>\n<h3>Kom och fynda p\u00e5 Medeltidsmarknaden, hitta delikatesser som f\u00e5r det att vattnas i munnen p\u00e5 Sk\u00f6rdemarknaden och bekanta dig med lokala f\u00f6retag och f\u00f6reningar p\u00e5 September Expon och H\u00f6stmarknaden.<\/h3>\n[wm_divider appearance=&#8221;line&#8221; \/]\n\t<h2><strong>Arrang\u00f6r<\/strong><\/h2>\n<p>Evenemanget arrangeras av <strong>Dalsbruks byalag<\/strong> och <strong>Rohan Tallit<\/strong>.<\/p>\n\t<h2><strong>Samarbetspartners<\/strong><\/h2>\n<p>Kimito\u00f6ns kommun, DB Marina, D-Marin, Fabrik 1686 &#8211; Dalsbruk och Konstsamfundet, imito Telefon, Lokal Tapiola, Someron S\u00e4\u00e4st\u00f6pankki.<\/p>\n\t<h2><i>Medeltidsmarknaden<\/i><\/h2>\n\t<p>P\u00e5 medeltidsmarknaden f\u00e5r du ta ett steg tillbaka i tiden och uppleva storslagenheten via handelsm\u00e4nnen och upptr\u00e4danden. De unika kolugnarna utg\u00f6r en enast\u00e5ende milj\u00f6 och du k\u00e4nner historiens vingslag.<\/p>\n\t\t\t\t<img loading=\"lazy\" decoding=\"async\" src=\"https:\/\/www.septemberopen.fi\/wp-content\/uploads\/2018\/09\/LJO9899-1-scaled.jpg\" alt=\"_LJO9899\" itemprop=\"image\" height=\"1709\" width=\"2560\" title=\"_LJO9899\" onerror=\"this.style.display='none'\"  \/>\n\t\t\t\t<img loading=\"lazy\" decoding=\"async\" src=\"https:\/\/www.septemberopen.fi\/wp-content\/uploads\/2021\/08\/Na\u0308ytto\u0308kuva-2021-8-12-kello-10.29.05.png\" alt=\"Na\u0308ytto\u0308kuva-2021-8-12-kello-10.29.05\" itemprop=\"image\" height=\"1548\" width=\"2064\" title=\"Na\u0308ytto\u0308kuva-2021-8-12-kello-10.29.05\" onerror=\"this.style.display='none'\"  \/>\n\t<h2><i>Sk\u00f6rdemarknaden<\/i><\/h2>\n\t<p>Den h\u00e4r tiden av \u00e5ret \u00e4r sk\u00f6rdens tid och f\u00f6rs\u00e4ljningsst\u00e5nden fylls av n\u00e4rproducerade delikatesser.<\/p>\n<p>H\u00e4r kan du hitta bland annat olika gr\u00f6nsaker, frukter, sylter, br\u00f6d gjorda p\u00e5 surdeg, inl\u00e4gg. De \u00e4r lokalt producerade och f\u00e5r det att vattnas i munnen s\u00e5 man bara \u00f6nskar f\u00e5 provsmaka.<\/p>\n\t<h2><i>September Expo<\/i><\/h2>\n\t<p>P\u00e5 September Expo och H\u00f6stmarknaden f\u00e5r du stifta bekantskap med lokala f\u00f6retag och f\u00f6reningar. P\u00e5 detta omr\u00e5de hittar du ocks\u00e5 traditionella marknadslakritsprodukter och mjukglass.<\/p>\n\t\t\t\t<img loading=\"lazy\" decoding=\"async\" src=\"https:\/\/www.septemberopen.fi\/wp-content\/uploads\/2018\/09\/LJO9888-2-1-scaled.jpg\" alt=\"_LJO9888-2\" itemprop=\"image\" height=\"1709\" width=\"2560\" title=\"_LJO9888-2\" onerror=\"this.style.display='none'\"  \/>\n\t<h2>Fantastiskt Programutbud<\/h2>\n<p>Program hela dagen p\u00e5 marknadsomr\u00e5det. Musik, tvekamper, narrar och det h\u00e4pnadsv\u00e4ckande Tornerspelet med Rohan Tallit.<\/p>\n[wm_button url=&#8221;https:\/\/www.septemberopen.fi\/ohjelma\/&#8221; color=&#8221;simple&#8221; size=&#8221;l&#8221;]Katso koko ohjelma[\/wm_button]\n\t<h2>Aptitretande p\u00e5 Tavernan<\/h2>\n\t<p>Taverna-omr\u00e5det betj\u00e4nar bes\u00f6karna p\u00e5 l\u00f6rdagen fr\u00e5n klockan 10 till 02. N\u00e4r marknadsomr\u00e5det b\u00f6rjar tystna kring kl 18 forts\u00e4tter kv\u00e4llen p\u00e5 Tr\u00e4bentaBanditens Krog \u00e4nda in p\u00e5 natten.<\/p>\n<p>P\u00e5 kv\u00e4llen fylls Krogen med musik och s\u00e5ng och med drycker av olika slag f\u00f6r all t\u00f6rstiga strupar.<\/p>\n\t\t\t\t<img loading=\"lazy\" decoding=\"async\" src=\"https:\/\/www.septemberopen.fi\/wp-content\/uploads\/2022\/05\/taverna.png\" alt=\"taverna\" itemprop=\"image\" height=\"741\" width=\"1112\" title=\"taverna\" onerror=\"this.style.display='none'\"  \/>\n\n","protected":false},"excerpt":{"rendered":"<div class=\"entry-summary\">\n<div class=\"entry-summary\">\nSeptember Open 13.9. Dalsbruk Traditionella st\u00e4mningsfulla September Open-evenemanget 13.9 2025 kl 10.00 &#8211; 02.00 i Dalsbruk, Kimito\u00f6n, vid det h\u00e4rliga Sk\u00e4rg\u00e5rdshavet. Katso Ohjelma Kom och kostnadsfritt upplev September Open marknadsevenemanget d\u00e4r du f\u00e5r en inblick i medeltiden och&hellip;\n<\/div>\n<div class=\"link-more\"><a href=\"https:\/\/www.septemberopen.fi\/sv\/\" class=\"more-link\">Continue reading<span class=\"screen-reader-text\"> &ldquo;September Open&rdquo;<\/span>&hellip;<\/a><\/div>\n<\/div>\n<div class=\"link-more\"><a href=\"https:\/\/www.septemberopen.fi\/sv\/\" class=\"more-link\">Continue reading<span class=\"screen-reader-text\"> &ldquo;September Open&rdquo;<\/span>&hellip;<\/a><\/div>\n","protected":false},"author":6,"featured_media":3939,"parent":0,"menu_order":0,"comment_status":"closed","ping_status":"closed","template":"templates\/no-intro.php","meta":{"footnotes":""},"class_list":["post-4077","page","type-page","status-publish","has-post-thumbnail","hentry","entry"],"_links":{"self":[{"href":"https:\/\/www.septemberopen.fi\/sv\/wp-json\/wp\/v2\/pages\/4077","targetHints":{"allow":["GET"]}}],"collection":[{"href":"https:\/\/www.septemberopen.fi\/sv\/wp-json\/wp\/v2\/pages"}],"about":[{"href":"https:\/\/www.septemberopen.fi\/sv\/wp-json\/wp\/v2\/types\/page"}],"author":[{"embeddable":true,"href":"https:\/\/www.septemberopen.fi\/sv\/wp-json\/wp\/v2\/users\/6"}],"replies":[{"embeddable":true,"href":"https:\/\/www.septemberopen.fi\/sv\/wp-json\/wp\/v2\/comments?post=4077"}],"version-history":[{"count":6,"href":"https:\/\/www.septemberopen.fi\/sv\/wp-json\/wp\/v2\/pages\/4077\/revisions"}],"predecessor-version":[{"id":4166,"href":"https:\/\/www.septemberopen.fi\/sv\/wp-json\/wp\/v2\/pages\/4077\/revisions\/4166"}],"wp:featuredmedia":[{"embeddable":true,"href":"https:\/\/www.septemberopen.fi\/sv\/wp-json\/wp\/v2\/media\/3939"}],"wp:attachment":[{"href":"https:\/\/www.septemberopen.fi\/sv\/wp-json\/wp\/v2\/media?parent=4077"}],"curies":[{"name":"wp","href":"https:\/\/api.w.org\/{rel}","templated":true}]}}