{"id":4053,"date":"2016-06-03T12:19:08","date_gmt":"2016-06-03T09:19:08","guid":{"rendered":"https:\/\/www.septemberopen.fi\/?page_id=4053"},"modified":"2023-05-31T22:11:31","modified_gmt":"2023-05-31T19:11:31","slug":"karta-och-trafik","status":"publish","type":"page","link":"https:\/\/www.septemberopen.fi\/sv\/karta-och-trafik\/","title":{"rendered":"Karta och trafik"},"content":{"rendered":"<h2>Dalsbruk, Kimito\u00f6n&nbsp;<\/h2>\n<h2>Avst\u00e5nd<\/h2>\n<p>Helsingfors (Senatstorget) &#8211; Dalsbruk: 2,5 h.<\/p>\n<p>\u00c5bo (Salutorget) &#8211; Dalsbruk: 1 h 20 min.<\/p>\n<h2>Turistinfo<\/h2>\n<ul>\n<li><a href=\"https:\/\/www.visitkimitoon.fi\/\">Visit Kimito\u00f6n<\/a><\/li>\n<li>Kommunens infopunkt (September Expo, g\u00e4sthamnen).<\/li>\n<\/ul>\n<h2>Bussf\u00f6rbindelser<\/h2>\n<ul>\n<li><a href=\"http:\/\/www.matkahuolto.fi\">Matkahuolto.fi<\/a><\/li>\n<\/ul>\n<h2>Parkering<\/h2>\n<p>P1: Industriomr\u00e5det, Dalsbruksv\u00e4gen 679.<br>P2: Brukshallen, Einarsv\u00e4gen 1.<br>Inva-P: Malmv\u00e4gen \/ Kolabacksv\u00e4gen.<\/p>\n<p>Plats f\u00f6r husbilar och -vagnar finns p\u00e5 <a href=\"https:\/\/www.visitkimitoon.fi\/inkvartering\/camping\/128-dalsbruks-camping\">Dalsbruks campingomr\u00e5de<\/a>. Platsbokning: Tel. +358 40 661 5939 eller +358 40 770 9766.<\/p>\n<h2>&nbsp;<\/h2>\n<div>&nbsp;<\/div>\n\n\n<div class=\"wp-block-webfactory-map\"><div class=\"wp-block-webfactory-map\"><iframe loading=\"lazy\" width=\"100%\" height=\"534px\" src=\"https:\/\/www.google.com\/maps\/embed\/v1\/place?q=dalsbruk%20&amp;maptype=roadmap&amp;zoom=16&amp;key=AIzaSyAjyDspiPfzEfjRSS5fQzm-3jHFjHxeXB4\" frameborder=\"0\"><\/iframe><\/div><\/div>\n","protected":false},"excerpt":{"rendered":"<div class=\"entry-summary\">\n<div class=\"entry-summary\">\nDalsbruk, Kimito\u00f6n&nbsp; Avst\u00e5nd Helsingfors (Senatstorget) &#8211; Dalsbruk: 2,5 h. \u00c5bo (Salutorget) &#8211; Dalsbruk: 1 h 20 min. Turistinfo Visit Kimito\u00f6n Kommunens infopunkt (September Expo, g\u00e4sthamnen). Bussf\u00f6rbindelser Matkahuolto.fi Parkering P1: Industriomr\u00e5det, Dalsbruksv\u00e4gen 679.P2: Brukshallen, Einarsv\u00e4gen 1.Inva-P: Malmv\u00e4gen \/ Kolabacksv\u00e4gen. Plats f\u00f6r&hellip;\n<\/div>\n<div class=\"link-more\"><a href=\"https:\/\/www.septemberopen.fi\/sv\/karta-och-trafik\/\" class=\"more-link\">Continue reading<span class=\"screen-reader-text\"> &ldquo;Karta och trafik&rdquo;<\/span>&hellip;<\/a><\/div>\n<\/div>\n<div class=\"link-more\"><a href=\"https:\/\/www.septemberopen.fi\/sv\/karta-och-trafik\/\" class=\"more-link\">Continue reading<span class=\"screen-reader-text\"> &ldquo;Karta och trafik&rdquo;<\/span>&hellip;<\/a><\/div>\n","protected":false},"author":6,"featured_media":3870,"parent":0,"menu_order":0,"comment_status":"closed","ping_status":"closed","template":"","meta":{"footnotes":""},"class_list":["post-4053","page","type-page","status-publish","has-post-thumbnail","hentry","entry"],"_links":{"self":[{"href":"https:\/\/www.septemberopen.fi\/sv\/wp-json\/wp\/v2\/pages\/4053","targetHints":{"allow":["GET"]}}],"collection":[{"href":"https:\/\/www.septemberopen.fi\/sv\/wp-json\/wp\/v2\/pages"}],"about":[{"href":"https:\/\/www.septemberopen.fi\/sv\/wp-json\/wp\/v2\/types\/page"}],"author":[{"embeddable":true,"href":"https:\/\/www.septemberopen.fi\/sv\/wp-json\/wp\/v2\/users\/6"}],"replies":[{"embeddable":true,"href":"https:\/\/www.septemberopen.fi\/sv\/wp-json\/wp\/v2\/comments?post=4053"}],"version-history":[{"count":1,"href":"https:\/\/www.septemberopen.fi\/sv\/wp-json\/wp\/v2\/pages\/4053\/revisions"}],"predecessor-version":[{"id":4054,"href":"https:\/\/www.septemberopen.fi\/sv\/wp-json\/wp\/v2\/pages\/4053\/revisions\/4054"}],"wp:featuredmedia":[{"embeddable":true,"href":"https:\/\/www.septemberopen.fi\/sv\/wp-json\/wp\/v2\/media\/3870"}],"wp:attachment":[{"href":"https:\/\/www.septemberopen.fi\/sv\/wp-json\/wp\/v2\/media?parent=4053"}],"curies":[{"name":"wp","href":"https:\/\/api.w.org\/{rel}","templated":true}]}}