{"id":4044,"date":"2018-08-08T12:42:31","date_gmt":"2018-08-08T09:42:31","guid":{"rendered":"https:\/\/www.septemberopen.fi\/myyjille-2\/"},"modified":"2024-06-14T17:54:27","modified_gmt":"2024-06-14T14:54:27","slug":"myyjille-2","status":"publish","type":"page","link":"https:\/\/www.septemberopen.fi\/sv\/myyjille-2\/","title":{"rendered":"F\u00f6r f\u00f6rs\u00e4ljare"},"content":{"rendered":"<div dir=\"auto\">\n<p>Det traditionella och st\u00e4mningsfulla September Open-evenemanget arrangeras den 7 september 2024 fr\u00e5n kl 10 till<span class=\"Apple-converted-space\">\u00a0 <\/span>kl 02 i det underbara havslandskapet i Dalsbruk p\u00e5 Kimito\u00f6n.<\/p>\n<p>Vi inbjuder dig att vara med i marknadsrummet, f\u00f6r att njuta av h\u00f6stdagarna med oss p\u00e5 September Open-evenemanget.<\/p>\n<p>Marknadsomr\u00e5det \u00e4r uppbyggt kring tre olika teman: Medeltidsmarknaden, Sk\u00f6rde\/N\u00e4rmatsmarknaden och September Expo med sin f\u00f6retagsh\u00f6stm\u00e4ssa.<br \/>Varje \u00e5r bes\u00f6ks evenemanget av mer \u00e4n 6 000 bes\u00f6kare.<\/p>\n<p>Evenemanget arrangeras av Rohan Tallit tillsammans med Dalsbruks byalag.<\/p>\n<\/div>\n<div dir=\"auto\">\u00a0<\/div>\n<div dir=\"auto\"><a href=\"https:\/\/www.rohan.fi\/so2024registrering\/\">https:\/\/www.rohan.fi\/so2024registrering\/<\/a><\/div>\n\n\n<h2 class=\"wp-block-heading\"><\/h2>\n\n\n\n<figure class=\"wp-block-gallery has-nested-images columns-default is-cropped wp-block-gallery-1 is-layout-flex wp-block-gallery-is-layout-flex\">\n<figure class=\"wp-block-image size-large\"><img loading=\"lazy\" decoding=\"async\" width=\"1112\" height=\"741\" data-id=\"2750\" src=\"http:\/\/www.septemberopen.fi\/wp-content\/uploads\/2022\/05\/kurpitsat.png\" alt=\"\" class=\"wp-image-2750\" srcset=\"https:\/\/www.septemberopen.fi\/wp-content\/uploads\/2022\/05\/kurpitsat.png 1112w, https:\/\/www.septemberopen.fi\/wp-content\/uploads\/2022\/05\/kurpitsat-600x400.png 600w, https:\/\/www.septemberopen.fi\/wp-content\/uploads\/2022\/05\/kurpitsat-300x200.png 300w, https:\/\/www.septemberopen.fi\/wp-content\/uploads\/2022\/05\/kurpitsat-1024x682.png 1024w, https:\/\/www.septemberopen.fi\/wp-content\/uploads\/2022\/05\/kurpitsat-768x512.png 768w, https:\/\/www.septemberopen.fi\/wp-content\/uploads\/2022\/05\/kurpitsat-850x566.png 850w\" sizes=\"auto, (max-width: 1112px) 100vw, 1112px\" \/><\/figure>\n\n\n\n<figure class=\"wp-block-image size-large\"><img loading=\"lazy\" decoding=\"async\" width=\"1112\" height=\"741\" data-id=\"2744\" src=\"http:\/\/www.septemberopen.fi\/wp-content\/uploads\/2019\/09\/yriti.png\" alt=\"\" class=\"wp-image-2744\" srcset=\"https:\/\/www.septemberopen.fi\/wp-content\/uploads\/2019\/09\/yriti.png 1112w, https:\/\/www.septemberopen.fi\/wp-content\/uploads\/2019\/09\/yriti-600x400.png 600w, https:\/\/www.septemberopen.fi\/wp-content\/uploads\/2019\/09\/yriti-300x200.png 300w, https:\/\/www.septemberopen.fi\/wp-content\/uploads\/2019\/09\/yriti-1024x682.png 1024w, https:\/\/www.septemberopen.fi\/wp-content\/uploads\/2019\/09\/yriti-768x512.png 768w, https:\/\/www.septemberopen.fi\/wp-content\/uploads\/2019\/09\/yriti-850x566.png 850w\" sizes=\"auto, (max-width: 1112px) 100vw, 1112px\" \/><\/figure>\n\n\n\n<figure class=\"wp-block-image size-large\"><img loading=\"lazy\" decoding=\"async\" width=\"1024\" height=\"682\" data-id=\"2715\" src=\"https:\/\/www.septemberopen.fi\/wp-content\/uploads\/2019\/09\/porukkaa-1-1024x682.png\" alt=\"\" class=\"wp-image-2715\" srcset=\"https:\/\/www.septemberopen.fi\/wp-content\/uploads\/2019\/09\/porukkaa-1-1024x682.png 1024w, https:\/\/www.septemberopen.fi\/wp-content\/uploads\/2019\/09\/porukkaa-1-600x400.png 600w, https:\/\/www.septemberopen.fi\/wp-content\/uploads\/2019\/09\/porukkaa-1-300x200.png 300w, https:\/\/www.septemberopen.fi\/wp-content\/uploads\/2019\/09\/porukkaa-1-768x512.png 768w, https:\/\/www.septemberopen.fi\/wp-content\/uploads\/2019\/09\/porukkaa-1-850x566.png 850w, https:\/\/www.septemberopen.fi\/wp-content\/uploads\/2019\/09\/porukkaa-1.png 1112w\" sizes=\"auto, (max-width: 1024px) 100vw, 1024px\" \/><\/figure>\n\n\n\n<figure class=\"wp-block-image size-large\"><img loading=\"lazy\" decoding=\"async\" width=\"2557\" height=\"2560\" data-id=\"2403\" src=\"http:\/\/www.septemberopen.fi\/wp-content\/uploads\/2022\/05\/IMG_20190907_165745-1-edited-scaled.jpg\" alt=\"\" class=\"wp-image-2403\" srcset=\"https:\/\/www.septemberopen.fi\/wp-content\/uploads\/2022\/05\/IMG_20190907_165745-1-edited-scaled.jpg 2557w, https:\/\/www.septemberopen.fi\/wp-content\/uploads\/2022\/05\/IMG_20190907_165745-1-edited-300x300.jpg 300w, https:\/\/www.septemberopen.fi\/wp-content\/uploads\/2022\/05\/IMG_20190907_165745-1-edited-scaled-100x100.jpg 100w, https:\/\/www.septemberopen.fi\/wp-content\/uploads\/2022\/05\/IMG_20190907_165745-1-edited-scaled-600x601.jpg 600w, https:\/\/www.septemberopen.fi\/wp-content\/uploads\/2022\/05\/IMG_20190907_165745-1-edited-1024x1024.jpg 1024w, https:\/\/www.septemberopen.fi\/wp-content\/uploads\/2022\/05\/IMG_20190907_165745-1-edited-150x150.jpg 150w, https:\/\/www.septemberopen.fi\/wp-content\/uploads\/2022\/05\/IMG_20190907_165745-1-edited-768x769.jpg 768w, https:\/\/www.septemberopen.fi\/wp-content\/uploads\/2022\/05\/IMG_20190907_165745-1-edited-1534x1536.jpg 1534w, https:\/\/www.septemberopen.fi\/wp-content\/uploads\/2022\/05\/IMG_20190907_165745-1-edited-2046x2048.jpg 2046w, https:\/\/www.septemberopen.fi\/wp-content\/uploads\/2022\/05\/IMG_20190907_165745-1-edited-850x851.jpg 850w\" sizes=\"auto, (max-width: 2557px) 100vw, 2557px\" \/><\/figure>\n\n\n\n<figure class=\"wp-block-image size-large\"><img loading=\"lazy\" decoding=\"async\" width=\"1707\" height=\"2560\" data-id=\"1964\" src=\"http:\/\/www.septemberopen.fi\/wp-content\/uploads\/2019\/09\/IMG_5771-1-scaled.jpg\" alt=\"\" class=\"wp-image-1964\" srcset=\"https:\/\/www.septemberopen.fi\/wp-content\/uploads\/2019\/09\/IMG_5771-1-scaled.jpg 1707w, https:\/\/www.septemberopen.fi\/wp-content\/uploads\/2019\/09\/IMG_5771-1-scaled-600x900.jpg 600w, https:\/\/www.septemberopen.fi\/wp-content\/uploads\/2019\/09\/IMG_5771-1-200x300.jpg 200w, https:\/\/www.septemberopen.fi\/wp-content\/uploads\/2019\/09\/IMG_5771-1-683x1024.jpg 683w, https:\/\/www.septemberopen.fi\/wp-content\/uploads\/2019\/09\/IMG_5771-1-768x1152.jpg 768w, https:\/\/www.septemberopen.fi\/wp-content\/uploads\/2019\/09\/IMG_5771-1-1024x1536.jpg 1024w, https:\/\/www.septemberopen.fi\/wp-content\/uploads\/2019\/09\/IMG_5771-1-1365x2048.jpg 1365w\" sizes=\"auto, (max-width: 1707px) 100vw, 1707px\" \/><\/figure>\n\n\n\n<figure class=\"wp-block-image size-large\"><img decoding=\"async\" data-id=\"1737\" src=\"http:\/\/www.septemberopen.fi\/wp-content\/uploads\/2019\/09\/IMG_5793.jpg\" alt=\"\" class=\"wp-image-1737\"\/><\/figure>\n<\/figure>\n","protected":false},"excerpt":{"rendered":"<div class=\"entry-summary\">\n<div class=\"entry-summary\">\nTapahtumakes\u00e4 jatkuu Taalintehtaalla\n<\/div>\n<div class=\"link-more\"><a href=\"https:\/\/www.septemberopen.fi\/sv\/myyjille-2\/\" class=\"more-link\">Continue reading<span class=\"screen-reader-text\"> &ldquo;F\u00f6r f\u00f6rs\u00e4ljare&rdquo;<\/span>&hellip;<\/a><\/div>\n<\/div>\n<div class=\"link-more\"><a href=\"https:\/\/www.septemberopen.fi\/sv\/myyjille-2\/\" class=\"more-link\">Continue reading<span class=\"screen-reader-text\"> &ldquo;F\u00f6r f\u00f6rs\u00e4ljare&rdquo;<\/span>&hellip;<\/a><\/div>\n","protected":false},"author":6,"featured_media":3867,"parent":0,"menu_order":0,"comment_status":"closed","ping_status":"closed","template":"","meta":{"footnotes":""},"class_list":["post-4044","page","type-page","status-publish","has-post-thumbnail","hentry","entry"],"_links":{"self":[{"href":"https:\/\/www.septemberopen.fi\/sv\/wp-json\/wp\/v2\/pages\/4044","targetHints":{"allow":["GET"]}}],"collection":[{"href":"https:\/\/www.septemberopen.fi\/sv\/wp-json\/wp\/v2\/pages"}],"about":[{"href":"https:\/\/www.septemberopen.fi\/sv\/wp-json\/wp\/v2\/types\/page"}],"author":[{"embeddable":true,"href":"https:\/\/www.septemberopen.fi\/sv\/wp-json\/wp\/v2\/users\/6"}],"replies":[{"embeddable":true,"href":"https:\/\/www.septemberopen.fi\/sv\/wp-json\/wp\/v2\/comments?post=4044"}],"version-history":[{"count":6,"href":"https:\/\/www.septemberopen.fi\/sv\/wp-json\/wp\/v2\/pages\/4044\/revisions"}],"predecessor-version":[{"id":4146,"href":"https:\/\/www.septemberopen.fi\/sv\/wp-json\/wp\/v2\/pages\/4044\/revisions\/4146"}],"wp:featuredmedia":[{"embeddable":true,"href":"https:\/\/www.septemberopen.fi\/sv\/wp-json\/wp\/v2\/media\/3867"}],"wp:attachment":[{"href":"https:\/\/www.septemberopen.fi\/sv\/wp-json\/wp\/v2\/media?parent=4044"}],"curies":[{"name":"wp","href":"https:\/\/api.w.org\/{rel}","templated":true}]}}